{"id":117,"date":"2025-11-17T19:38:04","date_gmt":"2025-11-17T19:38:04","guid":{"rendered":"https:\/\/ventas.maqks.com\/?page_id=117"},"modified":"2025-11-18T19:49:22","modified_gmt":"2025-11-18T19:49:22","slug":"fresadora-en-frio","status":"publish","type":"page","link":"https:\/\/ventas.maqks.com\/index.php\/fresadora-en-frio\/","title":{"rendered":"Fresadora en frio"},"content":{"rendered":"\t\t<div data-elementor-type=\"wp-page\" data-elementor-id=\"117\" class=\"elementor elementor-117\" data-elementor-settings=\"{&quot;ha_cmc_init_switcher&quot;:&quot;no&quot;}\">\n\t\t\t\t<div class=\"elementor-element elementor-element-26bb0f08 e-flex e-con-boxed e-con e-parent\" data-id=\"26bb0f08\" data-element_type=\"container\" data-settings=\"{&quot;background_background&quot;:&quot;classic&quot;,&quot;_ha_eqh_enable&quot;:false}\">\n\t\t\t\t\t<div class=\"e-con-inner\">\n\t\t\t\t<div class=\"elementor-element elementor-element-33e3800 ha-has-bg-overlay elementor-widget elementor-widget-image\" data-id=\"33e3800\" data-element_type=\"widget\" data-widget_type=\"image.default\">\n\t\t\t\t\t\t\t\t\t\t\t\t\t\t\t<img decoding=\"async\" width=\"1\" height=\"1\" src=\"https:\/\/ventas.maqks.com\/wp-content\/uploads\/2025\/11\/GEA-1.svg\" class=\"attachment-large size-large wp-image-102\" alt=\"\" \/>\t\t\t\t\t\t\t\t\t\t\t\t\t\t\t<\/div>\n\t\t\t\t\t<\/div>\n\t\t\t\t<\/div>\n\t\t<div class=\"elementor-element elementor-element-5bf9f049 e-flex e-con-boxed e-con e-parent\" data-id=\"5bf9f049\" data-element_type=\"container\" data-settings=\"{&quot;_ha_eqh_enable&quot;:false}\">\n\t\t\t\t\t<div class=\"e-con-inner\">\n\t\t<div class=\"elementor-element elementor-element-102840d2 e-con-full e-flex e-con e-child\" data-id=\"102840d2\" data-element_type=\"container\" data-settings=\"{&quot;_ha_eqh_enable&quot;:false}\">\n\t\t\t\t<div class=\"elementor-element elementor-element-5c1fe9b9 elementor-arrows-position-inside elementor-pagination-position-outside elementor-widget elementor-widget-image-carousel\" data-id=\"5c1fe9b9\" data-element_type=\"widget\" data-settings=\"{&quot;slides_to_show&quot;:&quot;1&quot;,&quot;navigation&quot;:&quot;both&quot;,&quot;autoplay&quot;:&quot;yes&quot;,&quot;pause_on_hover&quot;:&quot;yes&quot;,&quot;pause_on_interaction&quot;:&quot;yes&quot;,&quot;autoplay_speed&quot;:5000,&quot;infinite&quot;:&quot;yes&quot;,&quot;effect&quot;:&quot;slide&quot;,&quot;speed&quot;:500}\" data-widget_type=\"image-carousel.default\">\n\t\t\t\t\t\t\t<div class=\"elementor-image-carousel-wrapper swiper\" role=\"region\" aria-roledescription=\"carousel\" aria-label=\"Carrusel de im\u00e1genes\" dir=\"ltr\">\n\t\t\t<div class=\"elementor-image-carousel swiper-wrapper\" aria-live=\"off\">\n\t\t\t\t\t\t\t\t<div class=\"swiper-slide\" role=\"group\" aria-roledescription=\"slide\" aria-label=\"1 de 5\"><figure class=\"swiper-slide-inner\"><img decoding=\"async\" class=\"swiper-slide-image\" src=\"https:\/\/ventas.maqks.com\/wp-content\/uploads\/elementor\/thumbs\/Imagen-de-WhatsApp-2025-11-12-a-las-16.26.50_2a33fa2f-reuol6xt33cd1le13l123e3qmkv3g5eud104amrwxc.jpg\" alt=\"Imagen de WhatsApp 2025-11-12 a las 16.26.50_2a33fa2f\" \/><\/figure><\/div><div class=\"swiper-slide\" role=\"group\" aria-roledescription=\"slide\" aria-label=\"2 de 5\"><figure class=\"swiper-slide-inner\"><img decoding=\"async\" class=\"swiper-slide-image\" src=\"https:\/\/ventas.maqks.com\/wp-content\/uploads\/elementor\/thumbs\/Imagen-de-WhatsApp-2025-11-12-a-las-16.26.51_ffeeb173-reuol9rbnlg80f9xn48xsve4eqh738q1deykqgnqeo.jpg\" alt=\"Imagen de WhatsApp 2025-11-12 a las 16.26.51_ffeeb173\" \/><\/figure><\/div><div class=\"swiper-slide\" role=\"group\" aria-roledescription=\"slide\" aria-label=\"3 de 5\"><figure class=\"swiper-slide-inner\"><img decoding=\"async\" class=\"swiper-slide-image\" src=\"https:\/\/ventas.maqks.com\/wp-content\/uploads\/elementor\/thumbs\/Imagen-de-WhatsApp-2025-11-12-a-las-16.26.53_e51c6f19-reuoldioexldav4h15vg2ufys9yny14ypxkinki5ps.jpg\" alt=\"Imagen de WhatsApp 2025-11-12 a las 16.26.53_e51c6f19\" \/><\/figure><\/div><div class=\"swiper-slide\" role=\"group\" aria-roledescription=\"slide\" aria-label=\"4 de 5\"><figure class=\"swiper-slide-inner\"><img decoding=\"async\" class=\"swiper-slide-image\" src=\"https:\/\/ventas.maqks.com\/wp-content\/uploads\/elementor\/thumbs\/Imagen-de-WhatsApp-2025-11-12-a-las-16.26.50_d2bb8c1e-1-e1763405555404-reuommmxizb4s5axppdjej23arsa7i42w4vtoun9f4.jpg\" alt=\"Imagen de WhatsApp 2025-11-12 a las 16.26.50_d2bb8c1e\" \/><\/figure><\/div><div class=\"swiper-slide\" role=\"group\" aria-roledescription=\"slide\" aria-label=\"5 de 5\"><figure class=\"swiper-slide-inner\"><img decoding=\"async\" class=\"swiper-slide-image\" src=\"https:\/\/ventas.maqks.com\/wp-content\/uploads\/elementor\/thumbs\/Imagen-de-WhatsApp-2025-11-12-a-las-16.26.50_e5d398ec-e1763408219722-reuqk6oz9mizxc9njrrnwz61t8y3t690getc5zigz4.jpg\" alt=\"Imagen de WhatsApp 2025-11-12 a las 16.26.50_e5d398ec\" \/><\/figure><\/div>\t\t\t<\/div>\n\t\t\t\t\t\t\t\t\t\t\t\t<div class=\"elementor-swiper-button elementor-swiper-button-prev\" role=\"button\" tabindex=\"0\">\n\t\t\t\t\t\t<svg aria-hidden=\"true\" class=\"e-font-icon-svg e-eicon-chevron-left\" viewBox=\"0 0 1000 1000\" xmlns=\"http:\/\/www.w3.org\/2000\/svg\"><path d=\"M646 125C629 125 613 133 604 142L308 442C296 454 292 471 292 487 292 504 296 521 308 533L604 854C617 867 629 875 646 875 663 875 679 871 692 858 704 846 713 829 713 812 713 796 708 779 692 767L438 487 692 225C700 217 708 204 708 187 708 171 704 154 692 142 675 129 663 125 646 125Z\"><\/path><\/svg>\t\t\t\t\t<\/div>\n\t\t\t\t\t<div class=\"elementor-swiper-button elementor-swiper-button-next\" role=\"button\" tabindex=\"0\">\n\t\t\t\t\t\t<svg aria-hidden=\"true\" class=\"e-font-icon-svg e-eicon-chevron-right\" viewBox=\"0 0 1000 1000\" xmlns=\"http:\/\/www.w3.org\/2000\/svg\"><path d=\"M696 533C708 521 713 504 713 487 713 471 708 454 696 446L400 146C388 133 375 125 354 125 338 125 325 129 313 142 300 154 292 171 292 187 292 204 296 221 308 233L563 492 304 771C292 783 288 800 288 817 288 833 296 850 308 863 321 871 338 875 354 875 371 875 388 867 400 854L696 533Z\"><\/path><\/svg>\t\t\t\t\t<\/div>\n\t\t\t\t\n\t\t\t\t\t\t\t\t\t<div class=\"swiper-pagination\"><\/div>\n\t\t\t\t\t\t\t\t\t<\/div>\n\t\t\t\t\t\t<\/div>\n\t\t\t\t<\/div>\n\t\t<div class=\"elementor-element elementor-element-69a28f60 e-con-full e-flex e-con e-child\" data-id=\"69a28f60\" data-element_type=\"container\" data-settings=\"{&quot;_ha_eqh_enable&quot;:false}\">\n\t\t\t\t<div class=\"elementor-element elementor-element-8d60b06 elementor-widget elementor-widget-heading\" data-id=\"8d60b06\" data-element_type=\"widget\" data-widget_type=\"heading.default\">\n\t\t\t\t\t<h2 class=\"elementor-heading-title elementor-size-default\">FRESADORA EN FRIO WIRTGEN W120F<\/h2>\t\t\t\t<\/div>\n\t\t\t\t<div class=\"elementor-element elementor-element-7f421ea1 elementor-widget elementor-widget-heading\" data-id=\"7f421ea1\" data-element_type=\"widget\" data-widget_type=\"heading.default\">\n\t\t\t\t\t<h2 class=\"elementor-heading-title elementor-size-default\">EQUIPO USADO<\/h2>\t\t\t\t<\/div>\n\t\t\t\t<div class=\"elementor-element elementor-element-13660b9d elementor-widget__width-initial elementor-icon-list--layout-traditional elementor-list-item-link-full_width ha-has-bg-overlay elementor-widget elementor-widget-icon-list\" data-id=\"13660b9d\" data-element_type=\"widget\" data-widget_type=\"icon-list.default\">\n\t\t\t\t\t\t\t<ul class=\"elementor-icon-list-items\">\n\t\t\t\t\t\t\t<li class=\"elementor-icon-list-item\">\n\t\t\t\t\t\t\t\t\t\t\t<span class=\"elementor-icon-list-icon\">\n\t\t\t\t\t\t\t<i aria-hidden=\"true\" class=\"huge huge-checkmark-circle-04\"><\/i>\t\t\t\t\t\t<\/span>\n\t\t\t\t\t\t\t\t\t\t<span class=\"elementor-icon-list-text\">DISPONIBLE<\/span>\n\t\t\t\t\t\t\t\t\t<\/li>\n\t\t\t\t\t\t<\/ul>\n\t\t\t\t\t\t<\/div>\n\t\t\t\t<div class=\"elementor-element elementor-element-3a26721f ha-column-alignment-center ha-column-icon-bottom ha-row-icon-left ha-data-table-responsive-scroll-yes ha-column-icon-left ha-column-alignment-left ha-row-alignment-left elementor-widget elementor-widget-ha-data-table happy-addon ha-data-table\" data-id=\"3a26721f\" data-element_type=\"widget\" data-widget_type=\"ha-data-table.default\">\n\t\t\t\t\t\n\t\t<table class=\"ha-table\">\n\t\t\t<thead class=\"ha-table__head\">\n\t\t\t\t<tr class=\"ha-table__head-column\">\n\t\t\t\t\t\t\t\t\t\t\t<th class=\"ha-table__head-column-cell elementor-repeater-item-45035d9\">\n\t\t\t\t\t\t\t<div class=\"ha-table__head-column-cell-wrap\">\n\t\t\t\t\t\t\t\t<div class=\"ha-table__head-column-cell-text\">Caracter\u00edstica<\/div>\n\t\t\t\t\t\t\t\t\t\n\t\t\t\t\t\t\t\t\t\t\t\t\t\t\t\t<\/div>\n\t\t\t\t\t\t<\/th>\n\t\t\t\t\t\t\t\t\t\t\t<th class=\"ha-table__head-column-cell elementor-repeater-item-2558189\">\n\t\t\t\t\t\t\t<div class=\"ha-table__head-column-cell-wrap\">\n\t\t\t\t\t\t\t\t<div class=\"ha-table__head-column-cell-text\">Descripci\u00f3n<\/div>\n\t\t\t\t\t\t\t\t\t\n\t\t\t\t\t\t\t\t\t\t\t\t\t\t\t\t<\/div>\n\t\t\t\t\t\t<\/th>\n\t\t\t\t\t\t\t\t\t<\/tr>\n\t\t\t<\/thead>\n\n\t\t\t<tbody class=\"ha-table__body\">\n\t\t\t\t\t\t\t\t\t<tr class=\"ha-table__body-row\">\n\t\t\t\t\t\t\t\t\t\t\t\t\t\t<td class=\"ha-table__body-row-cell elementor-repeater-item-bfb9961\">\n\t\t\t\t\t\t\t\t\t<div class=\"ha-table__body-row-cell-wrap\">\n\t\t\t\t\t\t\t\t\t\t<div class=\"ha-table__body-row-cell-text\">\n\t\t\t\t\t\t\t\t\t\t\tMotor\t\t\t\t\t\t\t\t\t\t<\/div>\n\n\t\t\t\t\t\t\t\t\t\t\n\t\t\t\t\t\t\t\t\t\t\t\t\t\t\t\t\t\t\t<\/div>\n\t\t\t\t\t\t\t\t<\/td>\n\t\t\t\t\t\t\t\t\t\t\t\t\t\t\t<td class=\"ha-table__body-row-cell elementor-repeater-item-4361736\">\n\t\t\t\t\t\t\t\t\t<div class=\"ha-table__body-row-cell-wrap\">\n\t\t\t\t\t\t\t\t\t\t<div class=\"ha-table__body-row-cell-text\">\n\t\t\t\t\t\t\t\t\t\t\tCummins QSC 8.3 \/ QSL 9\t\t\t\t\t\t\t\t\t\t<\/div>\n\n\t\t\t\t\t\t\t\t\t\t\n\t\t\t\t\t\t\t\t\t\t\t\t\t\t\t\t\t\t\t<\/div>\n\t\t\t\t\t\t\t\t<\/td>\n\t\t\t\t\t\t\t\t\t\t\t\t<\/tr>\n\t\t\t\t\t\t\t\t\t<tr class=\"ha-table__body-row\">\n\t\t\t\t\t\t\t\t\t\t\t\t\t\t<td class=\"ha-table__body-row-cell elementor-repeater-item-fa3c87d\">\n\t\t\t\t\t\t\t\t\t<div class=\"ha-table__body-row-cell-wrap\">\n\t\t\t\t\t\t\t\t\t\t<div class=\"ha-table__body-row-cell-text\">\n\t\t\t\t\t\t\t\t\t\t\tTipo\t\t\t\t\t\t\t\t\t\t<\/div>\n\n\t\t\t\t\t\t\t\t\t\t\n\t\t\t\t\t\t\t\t\t\t\t\t\t\t\t\t\t\t\t<\/div>\n\t\t\t\t\t\t\t\t<\/td>\n\t\t\t\t\t\t\t\t\t\t\t\t\t\t\t<td class=\"ha-table__body-row-cell elementor-repeater-item-70457fb\">\n\t\t\t\t\t\t\t\t\t<div class=\"ha-table__body-row-cell-wrap\">\n\t\t\t\t\t\t\t\t\t\t<div class=\"ha-table__body-row-cell-text\">\n\t\t\t\t\t\t\t\t\t\t\tDi\u00e9sel, 6 cilindros, refrigerado por agua\t\t\t\t\t\t\t\t\t\t<\/div>\n\n\t\t\t\t\t\t\t\t\t\t\n\t\t\t\t\t\t\t\t\t\t\t\t\t\t\t\t\t\t\t<\/div>\n\t\t\t\t\t\t\t\t<\/td>\n\t\t\t\t\t\t\t\t\t\t\t\t<\/tr>\n\t\t\t\t\t\t\t\t\t<tr class=\"ha-table__body-row\">\n\t\t\t\t\t\t\t\t\t\t\t\t\t\t<td class=\"ha-table__body-row-cell elementor-repeater-item-4e13d1d\">\n\t\t\t\t\t\t\t\t\t<div class=\"ha-table__body-row-cell-wrap\">\n\t\t\t\t\t\t\t\t\t\t<div class=\"ha-table__body-row-cell-text\">\n\t\t\t\t\t\t\t\t\t\t\tHoras de uso\t\t\t\t\t\t\t\t\t\t<\/div>\n\n\t\t\t\t\t\t\t\t\t\t\n\t\t\t\t\t\t\t\t\t\t\t\t\t\t\t\t\t\t\t<\/div>\n\t\t\t\t\t\t\t\t<\/td>\n\t\t\t\t\t\t\t\t\t\t\t\t\t\t\t<td class=\"ha-table__body-row-cell elementor-repeater-item-007efeb\">\n\t\t\t\t\t\t\t\t\t<div class=\"ha-table__body-row-cell-wrap\">\n\t\t\t\t\t\t\t\t\t\t<div class=\"ha-table__body-row-cell-text\">\n\t\t\t\t\t\t\t\t\t\t\t2.800\t\t\t\t\t\t\t\t\t\t<\/div>\n\n\t\t\t\t\t\t\t\t\t\t\n\t\t\t\t\t\t\t\t\t\t\t\t\t\t\t\t\t\t\t<\/div>\n\t\t\t\t\t\t\t\t<\/td>\n\t\t\t\t\t\t\t\t\t\t\t\t<\/tr>\n\t\t\t\t\t\t\t\t\t<tr class=\"ha-table__body-row\">\n\t\t\t\t\t\t\t\t\t\t\t\t\t\t<td class=\"ha-table__body-row-cell elementor-repeater-item-49aca42\">\n\t\t\t\t\t\t\t\t\t<div class=\"ha-table__body-row-cell-wrap\">\n\t\t\t\t\t\t\t\t\t\t<div class=\"ha-table__body-row-cell-text\">\n\t\t\t\t\t\t\t\t\t\t\tPotencia bruta\t\t\t\t\t\t\t\t\t\t<\/div>\n\n\t\t\t\t\t\t\t\t\t\t\n\t\t\t\t\t\t\t\t\t\t\t\t\t\t\t\t\t\t\t<\/div>\n\t\t\t\t\t\t\t\t<\/td>\n\t\t\t\t\t\t\t\t\t\t\t\t\t\t\t<td class=\"ha-table__body-row-cell elementor-repeater-item-b9e8bdb\">\n\t\t\t\t\t\t\t\t\t<div class=\"ha-table__body-row-cell-wrap\">\n\t\t\t\t\t\t\t\t\t\t<div class=\"ha-table__body-row-cell-text\">\n\t\t\t\t\t\t\t\t\t\t\tHasta 239 kW (320 HP)\t\t\t\t\t\t\t\t\t\t<\/div>\n\n\t\t\t\t\t\t\t\t\t\t\n\t\t\t\t\t\t\t\t\t\t\t\t\t\t\t\t\t\t\t<\/div>\n\t\t\t\t\t\t\t\t<\/td>\n\t\t\t\t\t\t\t\t\t\t\t\t<\/tr>\n\t\t\t\t\t\t\t\t\t<tr class=\"ha-table__body-row\">\n\t\t\t\t\t\t\t\t\t\t\t\t\t\t<td class=\"ha-table__body-row-cell elementor-repeater-item-4a14ed0\">\n\t\t\t\t\t\t\t\t\t<div class=\"ha-table__body-row-cell-wrap\">\n\t\t\t\t\t\t\t\t\t\t<div class=\"ha-table__body-row-cell-text\">\n\t\t\t\t\t\t\t\t\t\t\tPotencia TDF\t\t\t\t\t\t\t\t\t\t<\/div>\n\n\t\t\t\t\t\t\t\t\t\t\n\t\t\t\t\t\t\t\t\t\t\t\t\t\t\t\t\t\t\t<\/div>\n\t\t\t\t\t\t\t\t<\/td>\n\t\t\t\t\t\t\t\t\t\t\t\t\t\t\t<td class=\"ha-table__body-row-cell elementor-repeater-item-57e5dda\">\n\t\t\t\t\t\t\t\t\t<div class=\"ha-table__body-row-cell-wrap\">\n\t\t\t\t\t\t\t\t\t\t<div class=\"ha-table__body-row-cell-text\">\n\t\t\t\t\t\t\t\t\t\t\t209\u2013224 kW (280\u2013300 HP)\t\t\t\t\t\t\t\t\t\t<\/div>\n\n\t\t\t\t\t\t\t\t\t\t\n\t\t\t\t\t\t\t\t\t\t\t\t\t\t\t\t\t\t\t<\/div>\n\t\t\t\t\t\t\t\t<\/td>\n\t\t\t\t\t\t\t\t\t\t\t\t<\/tr>\n\t\t\t\t\t\t\t\t\t<tr class=\"ha-table__body-row\">\n\t\t\t\t\t\t\t\t\t\t\t\t\t\t<td class=\"ha-table__body-row-cell elementor-repeater-item-2351fa1\">\n\t\t\t\t\t\t\t\t\t<div class=\"ha-table__body-row-cell-wrap\">\n\t\t\t\t\t\t\t\t\t\t<div class=\"ha-table__body-row-cell-text\">\n\t\t\t\t\t\t\t\t\t\t\tDesplazamiento\t\t\t\t\t\t\t\t\t\t<\/div>\n\n\t\t\t\t\t\t\t\t\t\t\n\t\t\t\t\t\t\t\t\t\t\t\t\t\t\t\t\t\t\t<\/div>\n\t\t\t\t\t\t\t\t<\/td>\n\t\t\t\t\t\t\t\t\t\t\t\t\t\t\t<td class=\"ha-table__body-row-cell elementor-repeater-item-3cc6a2c\">\n\t\t\t\t\t\t\t\t\t<div class=\"ha-table__body-row-cell-wrap\">\n\t\t\t\t\t\t\t\t\t\t<div class=\"ha-table__body-row-cell-text\">\n\t\t\t\t\t\t\t\t\t\t\t8.3\u20138.9 L\t\t\t\t\t\t\t\t\t\t<\/div>\n\n\t\t\t\t\t\t\t\t\t\t\n\t\t\t\t\t\t\t\t\t\t\t\t\t\t\t\t\t\t\t<\/div>\n\t\t\t\t\t\t\t\t<\/td>\n\t\t\t\t\t\t\t\t\t\t\t\t<\/tr>\n\t\t\t\t\t\t\t\t\t<tr class=\"ha-table__body-row\">\n\t\t\t\t\t\t\t\t\t\t\t\t\t\t<td class=\"ha-table__body-row-cell elementor-repeater-item-edfd754\">\n\t\t\t\t\t\t\t\t\t<div class=\"ha-table__body-row-cell-wrap\">\n\t\t\t\t\t\t\t\t\t\t<div class=\"ha-table__body-row-cell-text\">\n\t\t\t\t\t\t\t\t\t\t\tTransmisi\u00f3n\t\t\t\t\t\t\t\t\t\t<\/div>\n\n\t\t\t\t\t\t\t\t\t\t\n\t\t\t\t\t\t\t\t\t\t\t\t\t\t\t\t\t\t\t<\/div>\n\t\t\t\t\t\t\t\t<\/td>\n\t\t\t\t\t\t\t\t\t\t\t\t\t\t\t<td class=\"ha-table__body-row-cell elementor-repeater-item-5d72e18\">\n\t\t\t\t\t\t\t\t\t<div class=\"ha-table__body-row-cell-wrap\">\n\t\t\t\t\t\t\t\t\t\t<div class=\"ha-table__body-row-cell-text\">\n\t\t\t\t\t\t\t\t\t\t\tHidrost\u00e1tica\t\t\t\t\t\t\t\t\t\t<\/div>\n\n\t\t\t\t\t\t\t\t\t\t\n\t\t\t\t\t\t\t\t\t\t\t\t\t\t\t\t\t\t\t<\/div>\n\t\t\t\t\t\t\t\t<\/td>\n\t\t\t\t\t\t\t\t\t\t\t\t<\/tr>\n\t\t\t\t\t\t\t\t\t<tr class=\"ha-table__body-row\">\n\t\t\t\t\t\t\t\t\t\t\t\t\t\t<td class=\"ha-table__body-row-cell elementor-repeater-item-aa1fdb2\">\n\t\t\t\t\t\t\t\t\t<div class=\"ha-table__body-row-cell-wrap\">\n\t\t\t\t\t\t\t\t\t\t<div class=\"ha-table__body-row-cell-text\">\n\t\t\t\t\t\t\t\t\t\t\tTracci\u00f3n\t\t\t\t\t\t\t\t\t\t<\/div>\n\n\t\t\t\t\t\t\t\t\t\t\n\t\t\t\t\t\t\t\t\t\t\t\t\t\t\t\t\t\t\t<\/div>\n\t\t\t\t\t\t\t\t<\/td>\n\t\t\t\t\t\t\t\t\t\t\t\t\t\t\t<td class=\"ha-table__body-row-cell elementor-repeater-item-5177cb3\">\n\t\t\t\t\t\t\t\t\t<div class=\"ha-table__body-row-cell-wrap\">\n\t\t\t\t\t\t\t\t\t\t<div class=\"ha-table__body-row-cell-text\">\n\t\t\t\t\t\t\t\t\t\t\tSistema de tracci\u00f3n integral con ruedas o implementaci\u00f3n de orugas seg\u00fan configuraci\u00f3n\t\t\t\t\t\t\t\t\t\t<\/div>\n\n\t\t\t\t\t\t\t\t\t\t\n\t\t\t\t\t\t\t\t\t\t\t\t\t\t\t\t\t\t\t<\/div>\n\t\t\t\t\t\t\t\t<\/td>\n\t\t\t\t\t\t\t\t\t\t\t\t<\/tr>\n\t\t\t\t\t\t\t<\/tbody>\n\t\t<\/table>\n\n\t\t\t\t\t\t<\/div>\n\t\t\t\t<\/div>\n\t\t\t\t\t<\/div>\n\t\t\t\t<\/div>\n\t\t<div class=\"elementor-element elementor-element-423f2834 e-flex e-con-boxed e-con e-parent\" data-id=\"423f2834\" data-element_type=\"container\" data-settings=\"{&quot;_ha_eqh_enable&quot;:false}\">\n\t\t\t\t\t<div class=\"e-con-inner\">\n\t\t\t\t<div class=\"elementor-element elementor-element-538768ac elementor-widget elementor-widget-heading\" data-id=\"538768ac\" data-element_type=\"widget\" data-widget_type=\"heading.default\">\n\t\t\t\t\t<h2 class=\"elementor-heading-title elementor-size-default\">POTENCIA, PRECISI\u00d3N Y RENDIMIENTO PARA TRABAJOS DE FRESADO PROFESIONALES<\/h2>\t\t\t\t<\/div>\n\t\t\t\t\t<\/div>\n\t\t\t\t<\/div>\n\t\t<div class=\"elementor-element elementor-element-276e44b5 e-flex e-con-boxed e-con e-parent\" data-id=\"276e44b5\" data-element_type=\"container\" data-settings=\"{&quot;_ha_eqh_enable&quot;:false}\">\n\t\t\t\t\t<div class=\"e-con-inner\">\n\t\t<div class=\"elementor-element elementor-element-441758b1 e-con-full e-flex e-con e-child\" data-id=\"441758b1\" data-element_type=\"container\" data-settings=\"{&quot;_ha_eqh_enable&quot;:false}\">\n\t\t\t\t<div class=\"elementor-element elementor-element-253c3ed7 elementor-view-default elementor-position-top elementor-mobile-position-top ha-has-bg-overlay elementor-invisible elementor-widget elementor-widget-icon-box\" data-id=\"253c3ed7\" data-element_type=\"widget\" data-settings=\"{&quot;_animation&quot;:&quot;fadeIn&quot;}\" data-widget_type=\"icon-box.default\">\n\t\t\t\t\t\t\t<div class=\"elementor-icon-box-wrapper\">\n\n\t\t\t\t\t\t<div class=\"elementor-icon-box-icon\">\n\t\t\t\t<span  class=\"elementor-icon\">\n\t\t\t\t<i aria-hidden=\"true\" class=\"huge huge-security-validation\"><\/i>\t\t\t\t<\/span>\n\t\t\t<\/div>\n\t\t\t\n\t\t\t\t\t\t<div class=\"elementor-icon-box-content\">\n\n\t\t\t\t\t\t\t\t\t<h3 class=\"elementor-icon-box-title\">\n\t\t\t\t\t\t<span  >\n\t\t\t\t\t\t\tPrecisi\u00f3n de fresado superior\t\t\t\t\t\t<\/span>\n\t\t\t\t\t<\/h3>\n\t\t\t\t\n\t\t\t\t\t\t\t\t\t<p class=\"elementor-icon-box-description\">\n\t\t\t\t\t\tTambor con espaciamiento de 15 mm para cortes m\u00e1s limpios. Profundidad ajustable hasta 320 mm. Sistema de control de nivelaci\u00f3n preciso.\n\n\t\t\t\t\t<\/p>\n\t\t\t\t\n\t\t\t<\/div>\n\t\t\t\n\t\t<\/div>\n\t\t\t\t\t\t<\/div>\n\t\t\t\t<div class=\"elementor-element elementor-element-6996f167 elementor-view-default elementor-position-top elementor-mobile-position-top ha-has-bg-overlay elementor-invisible elementor-widget elementor-widget-icon-box\" data-id=\"6996f167\" data-element_type=\"widget\" data-settings=\"{&quot;_animation&quot;:&quot;fadeIn&quot;,&quot;_animation_delay&quot;:1000}\" data-widget_type=\"icon-box.default\">\n\t\t\t\t\t\t\t<div class=\"elementor-icon-box-wrapper\">\n\n\t\t\t\t\t\t<div class=\"elementor-icon-box-icon\">\n\t\t\t\t<span  class=\"elementor-icon\">\n\t\t\t\t<i aria-hidden=\"true\" class=\"huge huge-renewable-energy\"><\/i>\t\t\t\t<\/span>\n\t\t\t<\/div>\n\t\t\t\n\t\t\t\t\t\t<div class=\"elementor-icon-box-content\">\n\n\t\t\t\t\t\t\t\t\t<h3 class=\"elementor-icon-box-title\">\n\t\t\t\t\t\t<span  >\n\t\t\t\t\t\t\tAdaptable a cualquier proyecto\t\t\t\t\t\t<\/span>\n\t\t\t\t\t<\/h3>\n\t\t\t\t\n\t\t\t\t\t\t\t\t\t<p class=\"elementor-icon-box-description\">\n\t\t\t\t\t\tDisponible en 1.000, 1.200 y 1.300 mm. Opciones de ruedas u orugas. Amplia gama de tambores intercambiables (FCS).\n\t\t\t\t\t<\/p>\n\t\t\t\t\n\t\t\t<\/div>\n\t\t\t\n\t\t<\/div>\n\t\t\t\t\t\t<\/div>\n\t\t\t\t<\/div>\n\t\t<div class=\"elementor-element elementor-element-25df3325 e-con-full e-flex e-con e-child\" data-id=\"25df3325\" data-element_type=\"container\" data-settings=\"{&quot;_ha_eqh_enable&quot;:false}\">\n\t\t\t\t<div class=\"elementor-element elementor-element-75e75af5 elementor-view-default elementor-position-top elementor-mobile-position-top ha-has-bg-overlay elementor-invisible elementor-widget elementor-widget-icon-box\" data-id=\"75e75af5\" data-element_type=\"widget\" data-settings=\"{&quot;_animation&quot;:&quot;fadeIn&quot;,&quot;_animation_delay&quot;:500}\" data-widget_type=\"icon-box.default\">\n\t\t\t\t\t\t\t<div class=\"elementor-icon-box-wrapper\">\n\n\t\t\t\t\t\t<div class=\"elementor-icon-box-icon\">\n\t\t\t\t<span  class=\"elementor-icon\">\n\t\t\t\t<i aria-hidden=\"true\" class=\"huge huge-idea\"><\/i>\t\t\t\t<\/span>\n\t\t\t<\/div>\n\t\t\t\n\t\t\t\t\t\t<div class=\"elementor-icon-box-content\">\n\n\t\t\t\t\t\t\t\t\t<h3 class=\"elementor-icon-box-title\">\n\t\t\t\t\t\t<span  >\n\t\t\t\t\t\t\tProductividad en cada metro\t\t\t\t\t\t<\/span>\n\t\t\t\t\t<\/h3>\n\t\t\t\t\n\t\t\t\t\t\t\t\t\t<p class=\"elementor-icon-box-description\">\n\t\t\t\t\t\tMotores Cummins de alto rendimiento. Velocidad de avance en fresado hasta 32 m\/min. Capacidad de descarga de material de hasta 176 m\u00b3\/h.\t\t\t\t\t<\/p>\n\t\t\t\t\n\t\t\t<\/div>\n\t\t\t\n\t\t<\/div>\n\t\t\t\t\t\t<\/div>\n\t\t\t\t<div class=\"elementor-element elementor-element-650d4e90 elementor-view-default elementor-position-top elementor-mobile-position-top ha-has-bg-overlay elementor-invisible elementor-widget elementor-widget-icon-box\" data-id=\"650d4e90\" data-element_type=\"widget\" data-settings=\"{&quot;_animation&quot;:&quot;fadeIn&quot;,&quot;_animation_delay&quot;:1500}\" data-widget_type=\"icon-box.default\">\n\t\t\t\t\t\t\t<div class=\"elementor-icon-box-wrapper\">\n\n\t\t\t\t\t\t<div class=\"elementor-icon-box-icon\">\n\t\t\t\t<span  class=\"elementor-icon\">\n\t\t\t\t<i aria-hidden=\"true\" class=\"huge huge-award-05\"><\/i>\t\t\t\t<\/span>\n\t\t\t<\/div>\n\t\t\t\n\t\t\t\t\t\t<div class=\"elementor-icon-box-content\">\n\n\t\t\t\t\t\t\t\t\t<h3 class=\"elementor-icon-box-title\">\n\t\t\t\t\t\t<span  >\n\t\t\t\t\t\t\tOperaci\u00f3n c\u00f3moda y segura\t\t\t\t\t\t<\/span>\n\t\t\t\t\t<\/h3>\n\t\t\t\t\n\t\t\t\t\t\t\t\t\t<p class=\"elementor-icon-box-description\">\n\t\t\t\t\t\tPlataforma con controles accesibles y asiento ajustable. Excelente visibilidad del \u00e1rea de trabajo. Sistema de iluminaci\u00f3n para trabajos nocturnos.\n\n\t\t\t\t\t<\/p>\n\t\t\t\t\n\t\t\t<\/div>\n\t\t\t\n\t\t<\/div>\n\t\t\t\t\t\t<\/div>\n\t\t\t\t<\/div>\n\t\t\t\t\t<\/div>\n\t\t\t\t<\/div>\n\t\t<div class=\"elementor-element elementor-element-1b2c9237 e-flex e-con-boxed e-con e-parent\" data-id=\"1b2c9237\" data-element_type=\"container\" data-settings=\"{&quot;_ha_eqh_enable&quot;:false}\">\n\t\t\t\t\t<div class=\"e-con-inner\">\n\t\t<div class=\"elementor-element elementor-element-2ddad89d e-con-full e-flex e-con e-child\" data-id=\"2ddad89d\" data-element_type=\"container\" data-settings=\"{&quot;_ha_eqh_enable&quot;:false}\">\n\t\t\t\t<div class=\"elementor-element elementor-element-443c60e1 elementor-widget elementor-widget-html\" data-id=\"443c60e1\" data-element_type=\"widget\" data-widget_type=\"html.default\">\n\t\t\t\t\t<script \r\n  src=\"https:\/\/widgets.leadconnectorhq.com\/loader.js\"  \r\n  data-resources-url=\"https:\/\/widgets.leadconnectorhq.com\/chat-widget\/loader.js\" \r\n data-widget-id=\"691ccb07a6f2ae55332d50d5\"   > \r\n <\/script>\t\t\t\t<\/div>\n\t\t\t\t<\/div>\n\t\t\t\t\t<\/div>\n\t\t\t\t<\/div>\n\t\t<div class=\"elementor-element elementor-element-494ff70 e-con-full e-flex e-con e-parent\" data-id=\"494ff70\" data-element_type=\"container\" data-settings=\"{&quot;_ha_eqh_enable&quot;:false}\">\n\t\t<div class=\"elementor-element elementor-element-35db88f5 e-con-full e-flex e-con e-child\" data-id=\"35db88f5\" data-element_type=\"container\" data-settings=\"{&quot;background_background&quot;:&quot;classic&quot;,&quot;_ha_eqh_enable&quot;:false}\">\n\t\t\t\t<div class=\"elementor-element elementor-element-53b7d510 elementor-widget elementor-widget-heading\" data-id=\"53b7d510\" data-element_type=\"widget\" data-widget_type=\"heading.default\">\n\t\t\t\t\t<h2 class=\"elementor-heading-title elementor-size-default\">\u00a1Solicit\u00e1 el precio AHORA!<\/h2>\t\t\t\t<\/div>\n\t\t\t\t<div class=\"elementor-element elementor-element-195d96e0 elementor-widget elementor-widget-html\" data-id=\"195d96e0\" data-element_type=\"widget\" data-widget_type=\"html.default\">\n\t\t\t\t\t<iframe\n    src=\"https:\/\/api.leadconnectorhq.com\/widget\/form\/x6lL0AbT3RbQLYm4SaVw\"\n    style=\"width:100%;height:100%;border:none;border-radius:3px\"\n    id=\"inline-x6lL0AbT3RbQLYm4SaVw\" \n    data-layout=\"{'id':'INLINE'}\"\n    data-trigger-type=\"alwaysShow\"\n    data-trigger-value=\"\"\n    data-activation-type=\"alwaysActivated\"\n    data-activation-value=\"\"\n    data-deactivation-type=\"neverDeactivate\"\n    data-deactivation-value=\"\"\n    data-form-name=\"Formulario Fresadora\"\n    data-height=\"545\"\n    data-layout-iframe-id=\"inline-x6lL0AbT3RbQLYm4SaVw\"\n    data-form-id=\"x6lL0AbT3RbQLYm4SaVw\"\n    title=\"Formulario Fresadora\"\n        >\n<\/iframe>\n<script src=\"https:\/\/link.msgsndr.com\/js\/form_embed.js\"><\/script>\t\t\t\t<\/div>\n\t\t\t\t<\/div>\n\t\t\t\t<\/div>\n\t\t\t\t<\/div>\n\t\t","protected":false},"excerpt":{"rendered":"<p>FRESADORA EN FRIO WIRTGEN W120F EQUIPO USADO DISPONIBLE Caracter\u00edstica Descripci\u00f3n Motor Cummins QSC 8.3 \/ QSL 9 Tipo Di\u00e9sel, 6 cilindros, refrigerado por agua Horas de uso 2.800 Potencia bruta Hasta 239 kW (320 HP) Potencia TDF 209\u2013224 kW (280\u2013300 HP) Desplazamiento 8.3\u20138.9 L Transmisi\u00f3n Hidrost\u00e1tica Tracci\u00f3n Sistema de tracci\u00f3n integral con ruedas o implementaci\u00f3n [&hellip;]<\/p>\n","protected":false},"author":1,"featured_media":0,"parent":0,"menu_order":0,"comment_status":"closed","ping_status":"closed","template":"elementor_canvas","meta":{"footnotes":""},"class_list":["post-117","page","type-page","status-publish","hentry"],"_links":{"self":[{"href":"https:\/\/ventas.maqks.com\/index.php\/wp-json\/wp\/v2\/pages\/117","targetHints":{"allow":["GET"]}}],"collection":[{"href":"https:\/\/ventas.maqks.com\/index.php\/wp-json\/wp\/v2\/pages"}],"about":[{"href":"https:\/\/ventas.maqks.com\/index.php\/wp-json\/wp\/v2\/types\/page"}],"author":[{"embeddable":true,"href":"https:\/\/ventas.maqks.com\/index.php\/wp-json\/wp\/v2\/users\/1"}],"replies":[{"embeddable":true,"href":"https:\/\/ventas.maqks.com\/index.php\/wp-json\/wp\/v2\/comments?post=117"}],"version-history":[{"count":31,"href":"https:\/\/ventas.maqks.com\/index.php\/wp-json\/wp\/v2\/pages\/117\/revisions"}],"predecessor-version":[{"id":215,"href":"https:\/\/ventas.maqks.com\/index.php\/wp-json\/wp\/v2\/pages\/117\/revisions\/215"}],"wp:attachment":[{"href":"https:\/\/ventas.maqks.com\/index.php\/wp-json\/wp\/v2\/media?parent=117"}],"curies":[{"name":"wp","href":"https:\/\/api.w.org\/{rel}","templated":true}]}}